{"id":8944,"date":"2018-06-22T07:02:36","date_gmt":"2018-06-22T07:02:36","guid":{"rendered":"https:\/\/www.sosrice.com\/?page_id=8944"},"modified":"2019-07-14T12:42:46","modified_gmt":"2019-07-14T12:42:46","slug":"privacy-policy","status":"publish","type":"page","link":"https:\/\/www.sosrice.com\/fr\/privacy-policy\/","title":{"rendered":"Politique de confidentialit\u00e9"},"content":{"rendered":"<h1>Politique de confidentialit\u00e9<\/h1>\n<p>Conform\u00e9ment aux dispositions des normes visant la protection des donn\u00e9es \u00e0 caract\u00e8re personnel, Herba Ricemills, S.L.U. (\u00ab\u00a0Herba\u00a0\u00bb) vous informe que les donn\u00e9es \u00e0 caract\u00e8re personnel (les \u00ab\u00a0Donn\u00e9es\u00a0\u00bb) que vous nous fournissez seront incorpor\u00e9es \u00e0 un fichier de donn\u00e9es personnelles appartenant \u00e0 Herba. Pour ces fins, Herba vous informe de ce qui suit:<\/p>\n<ol>\n<li>RESPONSABLE.<\/li>\n<\/ol>\n<p>Herba est la responsable du traitement de vos donn\u00e9es :<br \/>\n<strong>Identit\u00e9 :<\/strong> Herba Ricemills, S.L.U., titulaire du CIF (code d\u2019identification fiscale) B-83157024<br \/>\n<strong>Adresse postale : <\/strong>Calle Real 43, 41920 San Juan de Aznalfarache (S\u00e9ville, Espagne)<br \/>\n<strong>T\u00e9l\u00e9phone :<\/strong> +34 954589200<br \/>\n<strong>E-mail : <\/strong>protecciondedonn\u00e9es@herba.es<\/p>\n<ol start=\"2\">\n<li>BUT.<\/li>\n<\/ol>\n<p>Le but du traitement de vos donn\u00e9es personnelles est de maintenir la communication en ce qui concerne la consultation r\u00e9alis\u00e9e, sans pr\u00e9judice d\u2019autres fins concr\u00e8tes, qui, le cas \u00e9ch\u00e9ant, vous seront indiqu\u00e9es. Dans ce sens, nous vous informons que vos Donn\u00e9es ne seront pas trait\u00e9es de mani\u00e8re incompatible avec le but indiqu\u00e9.<\/p>\n<ol start=\"3\">\n<li>DUR\u00c9E.<\/li>\n<\/ol>\n<p>Herba traitera vos Donn\u00e9es le temps n\u00e9cessaire pour le bon d\u00e9veloppement de l\u2019\u00e9ventuelle relation que nous pouvons \u00e9tablir avec vous. Au-del\u00e0 de ce temps susmentionn\u00e9, Herba pourra conserver vos Donn\u00e9es pendant le d\u00e9lai n\u00e9cessaire pour garantir votre droit l\u00e9gitime \u00e0 la formulation, l\u2019exercice et\/ou la d\u00e9fense de r\u00e9clamations de toute nature, pour lequel elle prendra les mesures techniques et organisationnelles appropri\u00e9es pour assurer la bonne protection des Donn\u00e9es.<\/p>\n<ol start=\"4\">\n<li>L\u00c9GITIMATION.<\/li>\n<\/ol>\n<p>La base l\u00e9gale pour le traitement de vos Donn\u00e9es est l\u2019ensemble de toutes les normes applicables \u00e0 la relation entre Herba et vous.<\/p>\n<ol start=\"5\">\n<li>DESTINAIRES.<\/li>\n<\/ol>\n<p>Nous vous informons que vos Donn\u00e9es pourront \u00eatre c\u00e9d\u00e9es aux filiales espagnoles du Groupe Ebro Foods et \u00e0 des tiers lorsque cela s\u2019av\u00e8rera n\u00e9cessaire pour respecter les obligations l\u00e9gales et\/ou contractuelles pouvant d\u00e9couler de l\u2019\u00e9ventuelle relation pouvant \u00eatre \u00e9tablie avec vous.<\/p>\n<ol start=\"6\">\n<li>TRAITEMENT POUR LE COMPTE DE TIERS.<\/li>\n<\/ol>\n<p>Ebro Foods, S.A. est responsable de la gestion et de la maintenance des syst\u00e8mes o\u00f9 se trouvent les donn\u00e9es.<\/p>\n<ol start=\"7\">\n<li>DROITS.<\/li>\n<\/ol>\n<p>Nous vous informons qu\u2019en ce qui concerne le traitement de vos Donn\u00e9es, vous avez les Droits suivants :<\/p>\n<ul>\n<li>Droit d\u2019acc\u00e8s \u00e0 vos Donn\u00e9es ;<\/li>\n<\/ul>\n<ul>\n<li>Droit de rectification des Donn\u00e9es inexactes vous concernant ;<\/li>\n<li>Droit de suppression de vos Donn\u00e9es ;<\/li>\n<li>Droit \u00e0 la limitation du traitement ;<\/li>\n<li>Droit \u00e0 la portabilit\u00e9 de vos Donn\u00e9es ;<\/li>\n<li>Droit d\u2019opposition au traitement de vos Donn\u00e9es ;<\/li>\n<li>Droit \u00e0 d\u00e9poser une r\u00e9clamation aupr\u00e8s de l\u2019Agence Espagnole de Protection de Donn\u00e9es, autorit\u00e9 de contr\u00f4le comp\u00e9tente en Espagne.<\/li>\n<\/ul>\n<p>En tant que titulaire des Donn\u00e9es, vous pourrez exercer vos Droits conform\u00e9ment aux dispositions des normes en vigueur. Pour exercer, aupr\u00e8s d\u2019Herba, vos droits d\u2019acc\u00e8s, de rectification, de suppression, de limitation, de portabilit\u00e9 et d\u2019opposition, vous devrez justifier votre identit\u00e9 et pr\u00e9senter votre demande par \u00e9crit que vous pourrez envoyer \u00e0 Herba par courrier postal ou par coursier \u00e0 Calle Real 43, 41920 San Juan de Aznalfarache (S\u00e9ville), en indiquant sur l\u2019enveloppe \u00ab\u00a0Protecci\u00f3n de datos de car\u00e1cter personal\u00a0\u00bb (Protection des donn\u00e9es \u00e0 caract\u00e8re personnel), ou par courriel \u00e0 l\u2019adresse \u00e9lectronique\u00a0: <a href=\"mailto:protecciondedonn%8Ees@herba.es\">protecciondedonn\u00e9es@herba.es<\/a>. De m\u00eame, nous vous informons qu\u2019une fois que vous aurez exerc\u00e9 vos droits de suppression, de limitation et d\u2019opposition vous revenant, Herba pourra continuer \u00e0 conserver vos Donn\u00e9es dans les cas pr\u00e9vus par la loi.<\/p>\n<ol start=\"9\">\n<li>DONN\u00c9ES PERSONNELLES DE TIERS.<\/li>\n<\/ol>\n<p>Si les donn\u00e9es personnelles, que vous fournissez, appartiennent \u00e0 un tiers, vous garantissez que (i) vous avez inform\u00e9 ce tiers de cette politique de confidentialit\u00e9 ; (ii) vous avez obtenu de ce tiers l\u2019autorisation de c\u00e9der ses donn\u00e9es \u00e0 Herba aux fins indiqu\u00e9es au point 2 ; (iii) les donn\u00e9es du tiers fournies seront exactes et mises \u00e0 jour, et vous \u00eates responsable de tout dommage ou pr\u00e9judice, direct ou indirect, pouvant \u00eatre caus\u00e9 comme cons\u00e9quence de la fourniture des donn\u00e9es du tiers \u00e0 Herba.<\/p>\n<p>&nbsp;<\/p>\n","protected":false},"excerpt":{"rendered":"<p>Politique de confidentialit\u00e9 Conform\u00e9ment aux dispositions des normes visant la protection des donn\u00e9es \u00e0 caract\u00e8re personnel, Herba Ricemills, S.L.U. (\u00ab\u00a0Herba\u00a0\u00bb) vous informe que les donn\u00e9es \u00e0 caract\u00e8re personnel (les \u00ab\u00a0Donn\u00e9es\u00a0\u00bb) que vous nous fournissez seront incorpor\u00e9es \u00e0 un fichier de donn\u00e9es personnelles appartenant \u00e0 Herba. Pour ces fins, Herba vous informe de ce qui suit:<\/p>\n<p class=\"post_read_more\"><a href=\"https:\/\/www.sosrice.com\/fr\/privacy-policy\/\">Leer m\u00e1s<\/a><\/p>\n","protected":false},"author":4,"featured_media":0,"parent":0,"menu_order":0,"comment_status":"closed","ping_status":"closed","template":"page-tpl_legal.php","meta":{"footnotes":""},"class_list":["post-8944","page","type-page","status-publish","hentry"],"_links":{"self":[{"href":"https:\/\/www.sosrice.com\/fr\/wp-json\/wp\/v2\/pages\/8944","targetHints":{"allow":["GET"]}}],"collection":[{"href":"https:\/\/www.sosrice.com\/fr\/wp-json\/wp\/v2\/pages"}],"about":[{"href":"https:\/\/www.sosrice.com\/fr\/wp-json\/wp\/v2\/types\/page"}],"author":[{"embeddable":true,"href":"https:\/\/www.sosrice.com\/fr\/wp-json\/wp\/v2\/users\/4"}],"replies":[{"embeddable":true,"href":"https:\/\/www.sosrice.com\/fr\/wp-json\/wp\/v2\/comments?post=8944"}],"version-history":[{"count":4,"href":"https:\/\/www.sosrice.com\/fr\/wp-json\/wp\/v2\/pages\/8944\/revisions"}],"predecessor-version":[{"id":9852,"href":"https:\/\/www.sosrice.com\/fr\/wp-json\/wp\/v2\/pages\/8944\/revisions\/9852"}],"wp:attachment":[{"href":"https:\/\/www.sosrice.com\/fr\/wp-json\/wp\/v2\/media?parent=8944"}],"curies":[{"name":"wp","href":"https:\/\/api.w.org\/{rel}","templated":true}]}}