{"id":8942,"date":"2018-06-22T07:01:49","date_gmt":"2018-06-22T07:01:49","guid":{"rendered":"https:\/\/www.sosrice.com\/?page_id=8942"},"modified":"2019-07-14T12:33:53","modified_gmt":"2019-07-14T12:33:53","slug":"legal-warning","status":"publish","type":"page","link":"https:\/\/www.sosrice.com\/fr\/legal-warning\/","title":{"rendered":"Avertissement l\u00e9gal"},"content":{"rendered":"<div id=\"pl-8942\" class=\"panel-layout\">\n<div id=\"pg-8942-0\" class=\"panel-grid panel-no-style\">\n<div id=\"pgc-8942-0-0\" class=\"panel-grid-cell\" data-weight=\"1\">\n<div id=\"panel-8942-0-0-0\" class=\"so-panel widget widget_sow-editor panel-first-child panel-last-child\" data-index=\"0\" data-style=\"{&quot;background_image_attachment&quot;:false,&quot;background_display&quot;:&quot;tile&quot;}\">\n<div class=\"so-widget-sow-editor so-widget-sow-editor-base\">\n<div class=\"siteorigin-widget-tinymce textwidget\">\n<h1>Mentions l\u00e9gales<\/h1>\n<p>Conform\u00e9ment \u00e0 la Loi 34\/2002, du 11juillet, sur les services de la soci\u00e9t\u00e9 de l\u2019information et du commerce \u00e9lectronique, l\u2019information suivante est mise \u00e0 la disposition des usagers de ce site Web :<\/p>\n<p>Le si\u00e8ge social d\u2019Herba Ricemills, S.L.U. (\u00ab\u00a0Herba\u00a0\u00bb) est situ\u00e9 Calle Real 43, 41920 San Juan de Aznalfarache (S\u00e9ville, Espagne), et son C.I.F. (code d\u2019identification fiscale) est le B-83157024. Elle est inscrite au Registre de Commerce de S\u00e9ville \u00e0 la page num\u00e9ro SE-68.480.<\/p>\n<p><strong>Les coordonn\u00e9es d\u2019Herba sont les suivantes :<\/strong><br \/>\nCalle Real 43, 41920 San Juan de Aznalfarache (S\u00e9ville, Espagne)<\/p>\n<p><strong>T\u00e9l\u00e9phone :<\/strong> +349545892000<br \/>\n<strong>E-mail : <\/strong><a href=\"mailto:legal@herba.es\">legal@herba.es<\/a><br \/>\nCe site web a \u00e9t\u00e9 cr\u00e9\u00e9 pour Herba \u00e0 titre INFORMATIF, pour une UTILISATION PERSONNELLE et GRATUITE.<\/p>\n<p>Toutes les informations contenues dans ce site web, y compris tout type de contenus, de textes, de photos, de designs graphiques ou de codes en langage HTML, JAVA, JAVA Script, FLASH, entre autres, sont la propri\u00e9t\u00e9 intellectuelle d\u2019Herba.<\/p>\n<p>L\u2019exercice exclusif des droits d\u2019exploitation de la propri\u00e9t\u00e9 intellectuelle susmentionn\u00e9e, sous toutes ses formes, et sp\u00e9cialement les droits de reproduction, de distribution, de communication publique et de transformation, revient \u00e0 Herba.<\/p>\n<p>Herba se r\u00e9serve la facult\u00e9 d\u2019effectuer \u00e0 tout moment, et sans besoin d\u2019avis pr\u00e9alable, des modifications et des mises \u00e0 jour des informations contenues dans le site web ou dans la configuration et la pr\u00e9sentation de celui-ci.<\/p>\n<ol>\n<li>\n<h2>Conditions d\u2019utilisation<\/h2>\n<\/li>\n<\/ol>\n<p>Les pr\u00e9sentes conditions l\u00e9gales r\u00e9glementent l\u2019utilisation autoris\u00e9e de ce site web qu\u2019Herba met gratuitement \u00e0 la disposition des usagers.<\/p>\n<p>L\u2019usager s\u2019engage \u00e0 utiliser le site web, les services et leurs contenus de mani\u00e8re diligente, correcte et licite, et, en particulier, il devra s\u2019abstenir de :<\/p>\n<ul>\n<li>Supprimer, \u00e9luder ou manipuler le \u00ab\u00a0copyright\u00a0\u00bb et les autres donn\u00e9es identificatoires de leurs titulaires inclus dans les contenus, ainsi que les dispositifs techniques de protection ou tous m\u00e9canismes d\u2019information pouvant comprendre les contenus.<\/li>\n<li>Ins\u00e9rer des logiciels, des virus, des macros ou tout autre dispositif logique ou une s\u00e9quence de caract\u00e8res causant ou susceptibles de causer tout type d\u2019alt\u00e9ration du site web ou des syst\u00e8mes informatiques qui le supportent.<\/li>\n<li>Utiliser ou installer des logiciels ou des dispositifs capables d\u2019invalider les contr\u00f4les ou les mots de passe, \u00e9tablis par Herba. Il est \u00e9galement interdit de d\u00e9chiffrer les codes, les syst\u00e8mes ou les algorithmes de cryptage ou tout autre \u00e9l\u00e9ment de s\u00e9curit\u00e9 du site web ou de ses usagers.<\/li>\n<li>Effectuer des copies ou des versions du site web ou de son code source sans le consentement expr\u00e8s par \u00e9crit d\u2019Herba.<\/li>\n<li>Avoir tout type de comportement contraire \u00e0 la loi et \u00e0 la bonne foi.<\/li>\n<\/ul>\n<ol start=\"2\">\n<li>\n<h2>Exclusion de responsabilit\u00e9<\/h2>\n<\/li>\n<\/ol>\n<p>Herba n\u2019est pas responsable des pertes ou des dommages pouvant \u00eatre caus\u00e9s \u00e0 l\u2019usager par un virus, une indisponibilit\u00e9 ou tout autre comportement anormal du site web.<\/p>\n<p>Herba a pris toutes les mesures de s\u00e9curit\u00e9 \u00e0 sa port\u00e9e avec la technique actuelle, pour garantir le bon fonctionnement du site web et \u00e9viter la survenue de tout type de dommages pour l\u2019usager.<\/p>\n<ol start=\"3\">\n<li>\n<h2>Liens<\/h2>\n<\/li>\n<\/ol>\n<p>Le but des liens de ce site web est exclusivement informatif et ne suppose, en aucun cas, une suggestion ou une invitation \u00e0 l\u2019usager pour visiter les sites web de destination. Herba ne sera, en aucun cas, responsable du r\u00e9sultat obtenu ou voulant \u00eatre obtenu par l\u2019usager sur Internet sur les sites web auxquels il acc\u00e8de au travers des liens susmentionn\u00e9s.<\/p>\n<p>Herba d\u00e9cline toute responsabilit\u00e9 concernant les services et\/ou l\u2019information donn\u00e9s sur d\u2019autres sites reli\u00e9s \u00e0 ce site web.<\/p>\n<p>Herba ne contr\u00f4le ni exerce aucun type de supervision sur les sites reli\u00e9s. Les usagers utilisant ces liens devront consulter les conditions l\u00e9gales affich\u00e9es sur les sites de destination.<\/p>\n<ol start=\"4\">\n<li>\n<h2>Propri\u00e9t\u00e9 intellectuelle<\/h2>\n<\/li>\n<\/ol>\n<p>Les textes, les images, les logos, les signes distinctifs, les sons, les animations, les vid\u00e9os, le code source et les autres contenus inclus dans ce site appartiennent \u00e0 Herba, ou, le cas \u00e9ch\u00e9ant, elle dispose du permis pour leur utilisation et\/ou leur exploitation.<\/p>\n<p>Les usagers acc\u00e9dant au site sont express\u00e9ment autoris\u00e9s \u00e0 visualiser toute l\u2019information qui y est contenue, et \u00e0 effectuer des chargements ou des reproductions priv\u00e9es de celle-ci dans leurs propres syst\u00e8mes informatiques, pour autant que tous les \u00e9l\u00e9ments ayant \u00e9t\u00e9 reproduits soient destin\u00e9s uniquement \u00e0 l\u2019utilisation personnelle de l\u2019usager et ne seront pas c\u00e9d\u00e9s ou transmis post\u00e9rieurement \u00e0 des tiers ou install\u00e9s dans un serveur quelconque connect\u00e9 directement ou indirectement \u00e0 Internet ou \u00e0 un r\u00e9seau local, de mani\u00e8re \u00e0 rendre possible l\u2019acc\u00e8s de ces tiers \u00e0 ladite information appartenant \u00e0 Herba au travers d\u2019autres moyens que le site lui-m\u00eame.<\/p>\n<p>Dans ce sens, les usagers ne sont pas autoris\u00e9s \u00e0 proc\u00e9der \u00e0 la distribution, \u00e0 la modification, \u00e0 la cession ou \u00e0 la divulgation publique de l\u2019information (par textes ou images) contenue dans le site, y compris son envoi par courriel ou sa distribution sous toute forme et quelles que soient ses fins, \u00e0 une pluralit\u00e9 d\u2019usagers.<\/p>\n<p>Toute infraction aux interdictions et aux limitations contenues dans le paragraphe pr\u00e9c\u00e9dent sera consid\u00e9r\u00e9e comme une infraction aux droits de propri\u00e9t\u00e9 intellectuelle d\u2019Herba, donnera lieu aux responsabilit\u00e9s l\u00e9galement \u00e9tablies \u00e0 cet effet et pourra entra\u00eener des poursuites administratives, civiles ou p\u00e9nales qui conviennent le cas \u00e9ch\u00e9ant.<\/p>\n<p>L\u2019acc\u00e8s au site et l\u2019usage pouvant \u00eatre fait de l\u2019information qui y est contenue par ses usagers, sera la responsabilit\u00e9 exclusive desdits usagers. Herba ne r\u00e9pondra pas des cons\u00e9quences, des dommages ou des pr\u00e9judices pouvant d\u00e9couler de cet acc\u00e8s ou de l\u2019utilisation de l\u2019information.<\/p>\n<ol start=\"5\">\n<li>\n<h2>L\u00e9gislation et juridiction<\/h2>\n<\/li>\n<\/ol>\n<p>Ce site web est soumis \u00e0 la l\u00e9gislation espagnole.<\/p>\n<p>En cas de litige ou de controverse survenus dans le cadre de l\u2019utilisation du site, Herba et l\u2019usager se soumettent express\u00e9ment \u00e0 la juridiction des tribunaux de la ville de S\u00e9ville.<\/p>\n<p><em>Si vous n\u2019\u00eates pas d\u2019accord avec ces mentions l\u00e9gales, veuillez quitter ce site.<\/em><\/p>\n<\/div>\n<\/div>\n<\/div>\n<\/div>\n<\/div>\n<\/div>\n","protected":false},"excerpt":{"rendered":"<p>Mentions l\u00e9gales Conform\u00e9ment \u00e0 la Loi 34\/2002, du 11juillet, sur les services de la soci\u00e9t\u00e9 de l\u2019information et du commerce \u00e9lectronique, l\u2019information suivante est mise \u00e0 la disposition des usagers de ce site Web : Le si\u00e8ge social d\u2019Herba Ricemills, S.L.U. (\u00ab\u00a0Herba\u00a0\u00bb) est situ\u00e9 Calle Real 43, 41920 San Juan de Aznalfarache (S\u00e9ville, Espagne), et<\/p>\n<p class=\"post_read_more\"><a href=\"https:\/\/www.sosrice.com\/fr\/legal-warning\/\">Leer m\u00e1s<\/a><\/p>\n","protected":false},"author":4,"featured_media":0,"parent":0,"menu_order":0,"comment_status":"closed","ping_status":"closed","template":"page-tpl_legal.php","meta":{"footnotes":""},"class_list":["post-8942","page","type-page","status-publish","hentry"],"_links":{"self":[{"href":"https:\/\/www.sosrice.com\/fr\/wp-json\/wp\/v2\/pages\/8942","targetHints":{"allow":["GET"]}}],"collection":[{"href":"https:\/\/www.sosrice.com\/fr\/wp-json\/wp\/v2\/pages"}],"about":[{"href":"https:\/\/www.sosrice.com\/fr\/wp-json\/wp\/v2\/types\/page"}],"author":[{"embeddable":true,"href":"https:\/\/www.sosrice.com\/fr\/wp-json\/wp\/v2\/users\/4"}],"replies":[{"embeddable":true,"href":"https:\/\/www.sosrice.com\/fr\/wp-json\/wp\/v2\/comments?post=8942"}],"version-history":[{"count":6,"href":"https:\/\/www.sosrice.com\/fr\/wp-json\/wp\/v2\/pages\/8942\/revisions"}],"predecessor-version":[{"id":9836,"href":"https:\/\/www.sosrice.com\/fr\/wp-json\/wp\/v2\/pages\/8942\/revisions\/9836"}],"wp:attachment":[{"href":"https:\/\/www.sosrice.com\/fr\/wp-json\/wp\/v2\/media?parent=8942"}],"curies":[{"name":"wp","href":"https:\/\/api.w.org\/{rel}","templated":true}]}}