{"id":8940,"date":"2018-06-22T07:01:05","date_gmt":"2018-06-22T07:01:05","guid":{"rendered":"https:\/\/www.sosrice.com\/?page_id=8940"},"modified":"2019-07-14T12:46:24","modified_gmt":"2019-07-14T12:46:24","slug":"cookies-policy","status":"publish","type":"page","link":"https:\/\/www.sosrice.com\/fr\/cookies-policy\/","title":{"rendered":"Politique des cookies"},"content":{"rendered":"<h1>Politique de Cookies<\/h1>\n<p>Nom du domaine : sosrice.com<br \/>\nD\u00e9nomination sociale : HERBA RICEMILLS, SLU<br \/>\nNom commercial : ARROZSOS.ES<br \/>\nSi\u00e8ge social : C\/ Real 43<br \/>\nVille : 41920 \u2013 San Juan de Aznalfarache (S\u00e9ville, Espagne)<br \/>\nNIF (num\u00e9ro d\u2019identification fiscale) : B-83.157.024<br \/>\nT\u00e9l\u00e9phone : +34 900103272<br \/>\nE-mail : atencionalcliente@arrozsos.es<br \/>\nDonn\u00e9es d\u2019inscription au registre : Registre de Commerce de S\u00e9ville, Folio 85, Tome 4422 du Livre g\u00e9n\u00e9ral des Soci\u00e9t\u00e9s, page num\u00e9ro SE-68.480, 2<sup>e<\/sup> annotation<\/p>\n<p>&nbsp;<\/p>\n<ol>\n<li>Que sont les cookies?<\/li>\n<\/ol>\n<p>Un cookie est un fichier qui est t\u00e9l\u00e9charg\u00e9 dans votre ordinateur pour acc\u00e9der \u00e0 certains sites web. Les cookies permettent, entre autres, qu\u2019un site stocke et r\u00e9cup\u00e8re des informations sur les habitudes de navigation d\u2019un utilisateur ou de son \u00e9quipement et, suivant les informations contenues et la mani\u00e8re dont l\u2019\u00e9quipement est utilis\u00e9, ils peuvent \u00eatre utilis\u00e9s pour reconna\u00eetre l\u2019utilisateur.<\/p>\n<ol start=\"2\">\n<li>Types de cookies<\/li>\n<\/ol>\n<p>Selon l\u2019entit\u00e9 qui g\u00e8re l\u2019\u00e9quipement ou le domaine depuis lequel sont envoy\u00e9s les cookies et qui traite les donn\u00e9es obtenues, nous pouvons distinguer :<\/p>\n<p>\u2013\u00a0<strong>Les cookies propres <\/strong>: ce sont ceux qui sont envoy\u00e9s au terminal de l\u2019utilisateur depuis un \u00e9quipement ou un domaine g\u00e9r\u00e9 par l\u2019\u00e9metteur lui-m\u00eame et depuis lequel est r\u00e9alis\u00e9 le service demand\u00e9 par l\u2019utilisateur. Ils sont \u00e9galement d\u00e9nomm\u00e9s cookies premi\u00e8re partie.<\/p>\n<p>\u2013\u00a0<strong>Les cookies de tiers <\/strong>: ce sont ceux qui sont envoy\u00e9s \u00e0 l\u2019appareil de l\u2019utilisateur depuis un \u00e9quipement ou un domaine qui n\u2019est pas g\u00e9r\u00e9 par l\u2019\u00e9metteur, mais par une autre entit\u00e9 qui traite les donn\u00e9es recueillies au travers des cookies. Ils sont \u00e9galement d\u00e9nomm\u00e9s cookies tierce partie.<\/p>\n<p>Si les cookies sont install\u00e9s depuis un \u00e9quipement ou un domaine g\u00e9r\u00e9 par l\u2019\u00e9metteur lui-m\u00eame mais que les informations recueillies par ceux-ci sont g\u00e9r\u00e9es par un tiers, ils sont consid\u00e9r\u00e9s comme des cookies de tiers.<\/p>\n<p>Selon le temps qu\u2019ils restent actifs dans le terminal, nous pouvons distinguer\u00a0\u00a0\u00a0\u00a0 :<\/p>\n<p>\u2013\u00a0<strong>Les cookies de processus <\/strong>: C\u2019est un type de cookies con\u00e7us pour recueillir et stocker des donn\u00e9es pendant que l\u2019utilisateur acc\u00e8de \u00e0 un site web. Ils sont utilis\u00e9s pour stocker des informations qui ne sont conserv\u00e9es que pour la prestation du service demand\u00e9 par l\u2019utilisateur une seule fois (par exemple : une liste des produits acquis). Ces cookies sont effac\u00e9s automatiquement lorsque l\u2019utilisateur ferme son navigateur.<\/p>\n<p>\u2013\u00a0<strong>Les cookies persistants <\/strong>: C\u2019est un type de cookies dans lequel les donn\u00e9es restent stock\u00e9es dans le terminal et on peut y acc\u00e9der et les traiter pendant une p\u00e9riode d\u00e9finie par le responsable du cookie, qui peut durer depuis quelques minutes jusqu\u2019\u00e0 plusieurs ann\u00e9es.<\/p>\n<p>Selon les fins du traitement des donn\u00e9es recueillies au travers des cookies, nous pouvons faire la diff\u00e9rence entre :<\/p>\n<p>\u2013\u00a0<strong>Les cookies techniques <\/strong>: Ce sont ceux qui permettent \u00e0 l\u2019utilisateur de naviguer sur un site web, une plate-forme ou une application et d\u2019utiliser leurs diff\u00e9rentes options ou services effectifs tels que le contr\u00f4le du trafic et de la communication des donn\u00e9es, l\u2019identification du processus, l\u2019acc\u00e8s \u00e0 des zones restreintes, le rappel des \u00e9l\u00e9ments inclus dans une commande, l\u2019utilisation d\u2019\u00e9l\u00e9ments de s\u00e9curit\u00e9 pendant la navigation ou le partage de contenus au travers des r\u00e9seaux sociaux.<\/p>\n<p>\u2013\u00a0<strong>Les cookies de personnalisation <\/strong>: Ce sont ceux qui permettent \u00e0 l\u2019utilisateur d\u2019acc\u00e9der au service avec certaines caract\u00e9ristiques \u00e0 caract\u00e8re g\u00e9n\u00e9ral pr\u00e9d\u00e9finies en fonction d\u2019une s\u00e9rie de crit\u00e8res dans le terminal de l\u2019utilisateur tels que la langue, le type de navigateur au travers duquel il acc\u00e8de au service, la configuration r\u00e9gionale depuis laquelle il acc\u00e8de au service, etc.<\/p>\n<p>\u2013\u00a0<strong>Les cookies d\u2019analyse <\/strong>: Ce sont ceux qui permettent \u00e0 leur responsable d\u2019effectuer le suivi et l\u2019analyse du comportement des utilisateurs des sites web auxquels ces cookies sont li\u00e9s. L\u2019information recueillie par ce type de cookies est utilis\u00e9e pour mesurer l\u2019activit\u00e9 des sites web, de l\u2019application ou de la plate-forme, et pour \u00e9laborer des profils de navigation des utilisateurs de ces sites, de ces applications et de ces plates-formes, afin d\u2019introduire des am\u00e9liorations en fonction de l\u2019analyse des donn\u00e9es de l\u2019utilisation du service faite par les utilisateurs.<\/p>\n<p>\u2013\u00a0<strong>Les cookies publicitaires <\/strong>: Ce sont ceux qui permettent la gestion, de la mani\u00e8re la plus efficace possible, des espaces publicitaires inclus, le cas \u00e9ch\u00e9ant, par l\u2019\u00e9metteur dans le site web, l\u2019application ou la plate-forme offrant le service demand\u00e9 sur la base de crit\u00e8res tels que le contenu \u00e9dit\u00e9 ou la fr\u00e9quence \u00e0 laquelle les publicit\u00e9s sont pr\u00e9sent\u00e9es.<\/p>\n<p>\u2013\u00a0<strong>Les cookies de publicit\u00e9 comportementale\u00a0:<\/strong> Ce sont ceux qui permettent la gestion, de la mani\u00e8re la plus efficace possible, des espaces publicitaires inclus, le cas \u00e9ch\u00e9ant, par l\u2019\u00e9metteur dans le site web, l\u2019application ou la plate-forme offrant le service demand\u00e9. Ces cookies stockent l\u2019information du comportement des utilisateurs obtenue au travers de l\u2019observation continue de leurs habitudes de navigation, ce qui permet de d\u00e9velopper un profil sp\u00e9cifique pour pr\u00e9senter de la publicit\u00e9 en fonction de ces consid\u00e9rations.<\/p>\n<ol start=\"3\">\n<li>Cookies utilis\u00e9s<\/li>\n<\/ol>\n<p>Dans le tableau suivant, tous les cookies utilis\u00e9s dans ce site web sont identifi\u00e9s, en indiquant leurs fins concr\u00e8tes et si l\u2019information obtenue par les cookies est trait\u00e9e par l\u2019\u00e9metteur et\/ou \u00e9galement par des tiers auxquels l\u2019\u00e9metteur a confi\u00e9 la prestation d\u2019un service requ\u00e9rant l\u2019utilisation de cookies, et en identifiant ces derniers.<\/p>\n<table width=\"104%\">\n<thead>\n<tr>\n<td width=\"23%\"><strong>Domaine<\/strong><\/td>\n<td width=\"26%\"><strong>Nom du cookie<\/strong><\/td>\n<td width=\"16%\"><strong>Premi\u00e8re \/ Tierce partie<\/strong><\/td>\n<td width=\"15%\"><strong>Processus \/ Persistant<\/strong><\/td>\n<td width=\"18%\"><strong>Fins<\/strong><\/td>\n<\/tr>\n<\/thead>\n<tbody>\n<tr>\n<td width=\"23%\">www..sosrice.com<\/td>\n<td width=\"26%\">ALLOW_COOKIES<\/td>\n<td width=\"16%\">Premi\u00e8re<\/td>\n<td width=\"15%\">Processus<\/td>\n<td width=\"18%\">Acceptation de l\u2019utilisation de cookies<\/td>\n<\/tr>\n<tr>\n<td width=\"23%\">.sosrice.com<\/td>\n<td width=\"26%\">__ga<\/td>\n<td width=\"16%\">Premi\u00e8re<\/td>\n<td width=\"15%\">Persistant<\/td>\n<td width=\"18%\">Gestion des utilisateurs de Google<\/td>\n<\/tr>\n<tr>\n<td width=\"23%\">.sosrice.com<\/td>\n<td width=\"26%\">__gat<\/td>\n<td width=\"16%\">Premi\u00e8re<\/td>\n<td width=\"15%\">Persistant<\/td>\n<td width=\"18%\">Gestion des utilisateurs de Google<\/td>\n<\/tr>\n<tr>\n<td width=\"23%\">.sosrice.com<\/td>\n<td width=\"26%\">__gid<\/td>\n<td width=\"16%\">Premi\u00e8re<\/td>\n<td width=\"15%\">Persistant<\/td>\n<td width=\"18%\">Gestion des utilisateurs de Google<\/td>\n<\/tr>\n<tr>\n<td width=\"23%\">www.sosrice.com<\/td>\n<td width=\"26%\">_icl_current_language<\/td>\n<td width=\"16%\">Premi\u00e8re<\/td>\n<td width=\"15%\">Processus<\/td>\n<td width=\"18%\">Choix de la langue<\/td>\n<\/tr>\n<tr>\n<td width=\"23%\">www.sosrice.com<\/td>\n<td width=\"26%\">PHPSESSID<\/td>\n<td width=\"16%\">&nbsp;<\/p>\n<p>Premi\u00e8re<\/td>\n<td width=\"15%\">Processus<\/td>\n<td width=\"18%\">Cookie int\u00e9gr\u00e9 du serveur PHP<\/td>\n<\/tr>\n<\/tbody>\n<\/table>\n<p>&nbsp;<\/p>\n<ol start=\"4\">\n<li>D\u00e9sactivation ou \u00e9limination des cookies<\/li>\n<\/ol>\n<p>Vous pouvez permettre, bloquer ou \u00e9liminer les cookies gr\u00e2ce \u00e0 la configuration des options du navigateur install\u00e9 dans votre terminal.<\/p>\n<p>Le navigateur peut \u00eatre configur\u00e9 pour avertir sur l\u2019\u00e9cran de la r\u00e9ception de nouveaux cookies et emp\u00eacher leur installation.<\/p>\n<p>L\u2019utilisateur peut r\u00e9voquer son consentement donn\u00e9 lors de l\u2019installation des cookies et les \u00e9liminer.<\/p>\n<p>En \u00e9liminant les cookies, certains services ou fonctions de sites web peuvent \u00eatre limit\u00e9s totalement ou en partie.<\/p>\n<p>Chaque navigateur peut \u00eatre configur\u00e9 en acceptant ou en refusant tous les cookies, ou en choisissant les cookies dont il accepte l\u2019installation ou non.<\/p>\n<p>Les liens vers les sites informant comment configurer les principaux navigateurs sont les suivants :<\/p>\n<p>\u2013 Microsoft Explorer :\u00a0<a href=\"https:\/\/support.microsoft.com\/fr-fr\/help\/17442\/windows-internet-explorer-delete-manage-cookies\">https:\/\/support.microsoft.com\/fr-fr\/help\/17442\/windows-internet-explorer-delete-manage-cookies<\/a><\/p>\n<p>\u2013 Mozilla Firefox :\u00a0<a href=\"http:\/\/support.mozilla.org\/es\/kb\/cookies-informacion-que-los-sitios-web-guardan-en-?redirectlocale=en-US&amp;redirectslug=Cookies\">http:\/\/support.mozilla.org\/fr-<\/a><\/p>\n<p><u><a href=\"http:\/\/support.mozilla.org\/es\/kb\/cookies-informacion-que-los-sitios-web-guardan-en-?redirectlocale=en-US&amp;redirectslug=Cookies\">en-US&amp;redirectslug=Cookies<\/a><\/u><\/p>\n<p>\u2013 Google Chrome :\u00a0<u>https:\/\/support.google.com\/chrome\/answer\/95647?hl=fr&amp;hlrm=en<\/u><\/p>\n<p>\u2013 Safari :\u00a0http:\/\/support.apple.com\/kb\/ht1677?viewlocale=fr_FR<u>,<\/u><\/p>\n<p>&nbsp;<\/p>\n","protected":false},"excerpt":{"rendered":"<p>Politique de Cookies Nom du domaine : sosrice.com D\u00e9nomination sociale : HERBA RICEMILLS, SLU Nom commercial : ARROZSOS.ES Si\u00e8ge social : C\/ Real 43 Ville : 41920 \u2013 San Juan de Aznalfarache (S\u00e9ville, Espagne) NIF (num\u00e9ro d\u2019identification fiscale) : B-83.157.024 T\u00e9l\u00e9phone : +34 900103272 E-mail : atencionalcliente@arrozsos.es Donn\u00e9es d\u2019inscription au registre : Registre de Commerce<\/p>\n<p class=\"post_read_more\"><a href=\"https:\/\/www.sosrice.com\/fr\/cookies-policy\/\">Leer m\u00e1s<\/a><\/p>\n","protected":false},"author":4,"featured_media":0,"parent":0,"menu_order":0,"comment_status":"closed","ping_status":"closed","template":"page-tpl_legal.php","meta":{"footnotes":""},"class_list":["post-8940","page","type-page","status-publish","hentry"],"_links":{"self":[{"href":"https:\/\/www.sosrice.com\/fr\/wp-json\/wp\/v2\/pages\/8940","targetHints":{"allow":["GET"]}}],"collection":[{"href":"https:\/\/www.sosrice.com\/fr\/wp-json\/wp\/v2\/pages"}],"about":[{"href":"https:\/\/www.sosrice.com\/fr\/wp-json\/wp\/v2\/types\/page"}],"author":[{"embeddable":true,"href":"https:\/\/www.sosrice.com\/fr\/wp-json\/wp\/v2\/users\/4"}],"replies":[{"embeddable":true,"href":"https:\/\/www.sosrice.com\/fr\/wp-json\/wp\/v2\/comments?post=8940"}],"version-history":[{"count":9,"href":"https:\/\/www.sosrice.com\/fr\/wp-json\/wp\/v2\/pages\/8940\/revisions"}],"predecessor-version":[{"id":9862,"href":"https:\/\/www.sosrice.com\/fr\/wp-json\/wp\/v2\/pages\/8940\/revisions\/9862"}],"wp:attachment":[{"href":"https:\/\/www.sosrice.com\/fr\/wp-json\/wp\/v2\/media?parent=8940"}],"curies":[{"name":"wp","href":"https:\/\/api.w.org\/{rel}","templated":true}]}}