{"id":8244,"date":"2017-10-19T09:59:22","date_gmt":"2017-10-19T09:59:22","guid":{"rendered":"https:\/\/www.sosrice.com\/history\/"},"modified":"2019-10-01T08:26:56","modified_gmt":"2019-10-01T08:26:56","slug":"history","status":"publish","type":"page","link":"https:\/\/www.sosrice.com\/fr\/history\/","title":{"rendered":"Notre Histoire"},"content":{"rendered":"<div id=\"pl-8244\"  class=\"panel-layout\" ><div id=\"pg-8244-0\"  class=\"panel-grid panel-has-style\" ><div class=\"history1 panel-row-style panel-row-style-for-8244-0\" ><div id=\"pgc-8244-0-0\"  class=\"panel-grid-cell\" ><div id=\"panel-8244-0-0-0\" class=\"so-panel widget widget_sow-editor panel-first-child panel-last-child\" data-index=\"0\" ><div\n\t\t\t\n\t\t\tclass=\"so-widget-sow-editor so-widget-sow-editor-base\"\n\t\t\t\n\t\t>\n<div class=\"siteorigin-widget-tinymce textwidget\">\n\t<h2>Le r\u00eave d\u2019un homme<\/h2>\n<h3>1903<\/h3>\n<p>C\u2019est en 1903 que Mr.Jos\u00e9 Borras entreprend de cr\u00e9er Hijos de J.SOS Borras, une compagnie de riz, \u00e0 Valence.<\/p>\n<\/div>\n<\/div><\/div><\/div><div id=\"pgc-8244-0-1\"  class=\"panel-grid-cell\" ><div id=\"panel-8244-0-1-0\" class=\"so-panel widget widget_sow-image panel-first-child panel-last-child\" data-index=\"1\" ><div\n\t\t\t\n\t\t\tclass=\"so-widget-sow-image so-widget-sow-image-default-8b5b6f678277-8244\"\n\t\t\t\n\t\t>\n<div class=\"sow-image-container\">\n\t\t<img \n\tsrc=\"https:\/\/www.sosrice.com\/wp-content\/uploads\/2017\/05\/xhistory1.png.pagespeed.ic_.nCJTlhGwDH-1.png\" width=\"221\" height=\"221\" srcset=\"https:\/\/www.sosrice.com\/wp-content\/uploads\/2017\/05\/xhistory1.png.pagespeed.ic_.nCJTlhGwDH-1.png 221w, https:\/\/www.sosrice.com\/wp-content\/uploads\/2017\/05\/xhistory1.png.pagespeed.ic_.nCJTlhGwDH-1-150x150.png 150w, https:\/\/www.sosrice.com\/wp-content\/uploads\/2017\/05\/xhistory1.png.pagespeed.ic_.nCJTlhGwDH-1-50x50.png 50w, https:\/\/www.sosrice.com\/wp-content\/uploads\/2017\/05\/xhistory1.png.pagespeed.ic_.nCJTlhGwDH-1-25x25.png 25w, https:\/\/www.sosrice.com\/wp-content\/uploads\/2017\/05\/xhistory1.png.pagespeed.ic_.nCJTlhGwDH-1-40x40.png 40w\" sizes=\"(max-width: 221px) 100vw, 221px\" title=\"xhistory1.png.pagespeed.ic.nCJTlhGwDH (1)\" alt=\"\" \t\tclass=\"so-widget-image\"\/>\n\t<\/div>\n\n<\/div><\/div><\/div><\/div><\/div><div id=\"pg-8244-1\"  class=\"panel-grid panel-has-style\" ><div class=\"history2 panel-row-style panel-row-style-for-8244-1\" ><div id=\"pgc-8244-1-0\"  class=\"panel-grid-cell\" ><div id=\"panel-8244-1-0-0\" class=\"so-panel widget widget_sow-image panel-first-child panel-last-child\" data-index=\"2\" ><div\n\t\t\t\n\t\t\tclass=\"so-widget-sow-image so-widget-sow-image-default-8b5b6f678277-8244\"\n\t\t\t\n\t\t>\n<div class=\"sow-image-container\">\n\t\t<img \n\tsrc=\"https:\/\/www.sosrice.com\/wp-content\/uploads\/2017\/05\/235x233xhistory2.png.pagespeed.ic_.qzrgmGplcU-1.png\" width=\"235\" height=\"233\" srcset=\"https:\/\/www.sosrice.com\/wp-content\/uploads\/2017\/05\/235x233xhistory2.png.pagespeed.ic_.qzrgmGplcU-1.png 235w, https:\/\/www.sosrice.com\/wp-content\/uploads\/2017\/05\/235x233xhistory2.png.pagespeed.ic_.qzrgmGplcU-1-150x150.png 150w, https:\/\/www.sosrice.com\/wp-content\/uploads\/2017\/05\/235x233xhistory2.png.pagespeed.ic_.qzrgmGplcU-1-50x50.png 50w, https:\/\/www.sosrice.com\/wp-content\/uploads\/2017\/05\/235x233xhistory2.png.pagespeed.ic_.qzrgmGplcU-1-25x25.png 25w, https:\/\/www.sosrice.com\/wp-content\/uploads\/2017\/05\/235x233xhistory2.png.pagespeed.ic_.qzrgmGplcU-1-40x40.png 40w\" sizes=\"(max-width: 235px) 100vw, 235px\" title=\"235x233xhistory2.png.pagespeed.ic.qzrgmGplcU (1)\" alt=\"\" \t\tclass=\"so-widget-image\"\/>\n\t<\/div>\n\n<\/div><\/div><\/div><div id=\"pgc-8244-1-1\"  class=\"panel-grid-cell\" ><div id=\"panel-8244-1-1-0\" class=\"so-panel widget widget_sow-editor panel-first-child panel-last-child\" data-index=\"3\" ><div\n\t\t\t\n\t\t\tclass=\"so-widget-sow-editor so-widget-sow-editor-base\"\n\t\t\t\n\t\t>\n<div class=\"siteorigin-widget-tinymce textwidget\">\n\t<h2>Le premier sac de riz 1912<\/h2>\n<h3>1912<\/h3>\n<p>Pendant cette p\u00e9riode, tous les produits \u00e9taient vendu en vrac ou emball\u00e9 dans des petits sacs en papier. Il arrive m\u00eame que les clients apporter leur propre sac de course.<\/p>\n<p>En 1912, SOS fut le premier \u00e0 introduire le riz en paquet chez les familles Espagnole. \u00a0Ce fut le lancement du sac SOS 1 kg fait en tissus.<\/p>\n<\/div>\n<\/div><\/div><\/div><\/div><\/div><div id=\"pg-8244-2\"  class=\"panel-grid panel-has-style\" ><div class=\"history3 panel-row-style panel-row-style-for-8244-2\" ><div id=\"pgc-8244-2-0\"  class=\"panel-grid-cell\" ><div id=\"panel-8244-2-0-0\" class=\"so-panel widget widget_sow-editor panel-first-child panel-last-child\" data-index=\"4\" ><div\n\t\t\t\n\t\t\tclass=\"so-widget-sow-editor so-widget-sow-editor-base\"\n\t\t\t\n\t\t>\n<div class=\"siteorigin-widget-tinymce textwidget\">\n\t<h2>Livret de Recettes 1935<\/h2>\n<h3>1935<\/h3>\n<p>En 1935, la compagnie SOS d\u00e9veloppe son premier livre de cuisine, avec des recettes sp\u00e9ciale riz.<\/p>\n<\/div>\n<\/div><\/div><\/div><div id=\"pgc-8244-2-1\"  class=\"panel-grid-cell\" ><div id=\"panel-8244-2-1-0\" class=\"so-panel widget widget_sow-image panel-first-child panel-last-child\" data-index=\"5\" ><div\n\t\t\t\n\t\t\tclass=\"so-widget-sow-image so-widget-sow-image-default-8b5b6f678277-8244\"\n\t\t\t\n\t\t>\n<div class=\"sow-image-container\">\n\t\t<img \n\tsrc=\"https:\/\/www.sosrice.com\/wp-content\/uploads\/2017\/05\/xhistory3.jpg.pagespeed.ic_.68wDaTDdOn.png\" width=\"189\" height=\"276\" sizes=\"(max-width: 189px) 100vw, 189px\" title=\"xhistory3.jpg.pagespeed.ic.68wDaTDdOn\" alt=\"\" \t\tclass=\"so-widget-image\"\/>\n\t<\/div>\n\n<\/div><\/div><\/div><\/div><\/div><div id=\"pg-8244-3\"  class=\"panel-grid panel-has-style\" ><div class=\"history4 panel-row-style panel-row-style-for-8244-3\" ><div id=\"pgc-8244-3-0\"  class=\"panel-grid-cell\" ><div id=\"panel-8244-3-0-0\" class=\"so-panel widget widget_sow-image panel-first-child panel-last-child\" data-index=\"6\" ><div\n\t\t\t\n\t\t\tclass=\"so-widget-sow-image so-widget-sow-image-default-8b5b6f678277-8244\"\n\t\t\t\n\t\t>\n<div class=\"sow-image-container\">\n\t\t<img \n\tsrc=\"https:\/\/www.sosrice.com\/wp-content\/uploads\/2017\/05\/xhistory4.png.pagespeed.ic_.kRiyp3FMlQ.png\" width=\"191\" height=\"191\" srcset=\"https:\/\/www.sosrice.com\/wp-content\/uploads\/2017\/05\/xhistory4.png.pagespeed.ic_.kRiyp3FMlQ.png 191w, https:\/\/www.sosrice.com\/wp-content\/uploads\/2017\/05\/xhistory4.png.pagespeed.ic_.kRiyp3FMlQ-150x150.png 150w, https:\/\/www.sosrice.com\/wp-content\/uploads\/2017\/05\/xhistory4.png.pagespeed.ic_.kRiyp3FMlQ-50x50.png 50w, https:\/\/www.sosrice.com\/wp-content\/uploads\/2017\/05\/xhistory4.png.pagespeed.ic_.kRiyp3FMlQ-25x25.png 25w, https:\/\/www.sosrice.com\/wp-content\/uploads\/2017\/05\/xhistory4.png.pagespeed.ic_.kRiyp3FMlQ-40x40.png 40w\" sizes=\"(max-width: 191px) 100vw, 191px\" title=\"xhistory4.png.pagespeed.ic.kRiyp3FMlQ\" alt=\"\" \t\tclass=\"so-widget-image\"\/>\n\t<\/div>\n\n<\/div><\/div><\/div><div id=\"pgc-8244-3-1\"  class=\"panel-grid-cell\" ><div id=\"panel-8244-3-1-0\" class=\"so-panel widget widget_sow-editor panel-first-child panel-last-child\" data-index=\"7\" ><div\n\t\t\t\n\t\t\tclass=\"so-widget-sow-editor so-widget-sow-editor-base\"\n\t\t\t\n\t\t>\n<div class=\"siteorigin-widget-tinymce textwidget\">\n\t<h2>D\u00e9veloppement et recherches sur le sac en papier\u00a0:<\/h2>\n<h3>depuis 1950<\/h3>\n<p>A partir de 1950, SOS lance le packaging en papier pour le riz destin\u00e9 au consommateur.<\/p>\n<\/div>\n<\/div><\/div><\/div><\/div><\/div><div id=\"pg-8244-4\"  class=\"panel-grid panel-has-style\" ><div class=\"history5 panel-row-style panel-row-style-for-8244-4\" ><div id=\"pgc-8244-4-0\"  class=\"panel-grid-cell\" ><div id=\"panel-8244-4-0-0\" class=\"so-panel widget widget_sow-editor panel-first-child panel-last-child\" data-index=\"8\" ><div\n\t\t\t\n\t\t\tclass=\"so-widget-sow-editor so-widget-sow-editor-base\"\n\t\t\t\n\t\t>\n<div class=\"siteorigin-widget-tinymce textwidget\">\n\t<h2>Approche du consommateur<\/h2>\n<h3>1957<\/h3>\n<p>En 1957, SOS fait sont entr\u00e9 chez les familles espagnoles \u00e0 travers la t\u00e9l\u00e9, avec une pub diffusait sur la seul chaine de l\u2019\u00e9poque, TVE.<\/p>\n<\/div>\n<\/div><\/div><\/div><div id=\"pgc-8244-4-1\"  class=\"panel-grid-cell\" ><div id=\"panel-8244-4-1-0\" class=\"so-panel widget widget_sow-image panel-first-child panel-last-child\" data-index=\"9\" ><div\n\t\t\t\n\t\t\tclass=\"so-widget-sow-image so-widget-sow-image-default-8b5b6f678277-8244\"\n\t\t\t\n\t\t>\n<div class=\"sow-image-container\">\n\t\t<img \n\tsrc=\"https:\/\/www.sosrice.com\/wp-content\/uploads\/2017\/05\/xhistory5.jpg.pagespeed.ic_.UMa4qq2n1G.png\" width=\"289\" height=\"315\" srcset=\"https:\/\/www.sosrice.com\/wp-content\/uploads\/2017\/05\/xhistory5.jpg.pagespeed.ic_.UMa4qq2n1G.png 289w, https:\/\/www.sosrice.com\/wp-content\/uploads\/2017\/05\/xhistory5.jpg.pagespeed.ic_.UMa4qq2n1G-275x300.png 275w\" sizes=\"(max-width: 289px) 100vw, 289px\" title=\"xhistory5.jpg.pagespeed.ic.UMa4qq2n1G\" alt=\"\" \t\tclass=\"so-widget-image\"\/>\n\t<\/div>\n\n<\/div><\/div><\/div><\/div><\/div><div id=\"pg-8244-5\"  class=\"panel-grid panel-has-style\" ><div class=\"history6 panel-row-style panel-row-style-for-8244-5\" ><div id=\"pgc-8244-5-0\"  class=\"panel-grid-cell\" ><div id=\"panel-8244-5-0-0\" class=\"so-panel widget widget_sow-image panel-first-child panel-last-child\" data-index=\"10\" ><div\n\t\t\t\n\t\t\tclass=\"so-widget-sow-image so-widget-sow-image-default-8b5b6f678277-8244\"\n\t\t\t\n\t\t>\n<div class=\"sow-image-container\">\n\t\t<img \n\tsrc=\"https:\/\/www.sosrice.com\/wp-content\/uploads\/2017\/05\/xhistory6.png.pagespeed.ic_.FO2ay6y_X4.png\" width=\"205\" height=\"205\" srcset=\"https:\/\/www.sosrice.com\/wp-content\/uploads\/2017\/05\/xhistory6.png.pagespeed.ic_.FO2ay6y_X4.png 205w, https:\/\/www.sosrice.com\/wp-content\/uploads\/2017\/05\/xhistory6.png.pagespeed.ic_.FO2ay6y_X4-150x150.png 150w, https:\/\/www.sosrice.com\/wp-content\/uploads\/2017\/05\/xhistory6.png.pagespeed.ic_.FO2ay6y_X4-50x50.png 50w, https:\/\/www.sosrice.com\/wp-content\/uploads\/2017\/05\/xhistory6.png.pagespeed.ic_.FO2ay6y_X4-25x25.png 25w, https:\/\/www.sosrice.com\/wp-content\/uploads\/2017\/05\/xhistory6.png.pagespeed.ic_.FO2ay6y_X4-40x40.png 40w\" sizes=\"(max-width: 205px) 100vw, 205px\" title=\"xhistory6.png.pagespeed.ic.FO2ay6y_X4\" alt=\"\" \t\tclass=\"so-widget-image\"\/>\n\t<\/div>\n\n<\/div><\/div><\/div><div id=\"pgc-8244-5-1\"  class=\"panel-grid-cell\" ><div id=\"panel-8244-5-1-0\" class=\"so-panel widget widget_sow-editor panel-first-child panel-last-child\" data-index=\"11\" ><div\n\t\t\t\n\t\t\tclass=\"so-widget-sow-editor so-widget-sow-editor-base\"\n\t\t\t\n\t\t>\n<div class=\"siteorigin-widget-tinymce textwidget\">\n\t<h2>L'annee du riz<\/h2>\n<h3>1986<\/h3>\n<p>En 1986, la marque commence \u00e0 faire savoir au consommateur l\u2019existence des diff\u00e9rentes vari\u00e9t\u00e9s de riz. Pour enrichir l\u2019alimentation \u00e0 base de riz des foyers espagnole, la marque SOS apprend au consommateur les diff\u00e9rentes fa\u00e7ons d\u2019utiliser le riz et de le cuire.<\/p>\n<\/div>\n<\/div><\/div><\/div><\/div><\/div><div id=\"pg-8244-6\"  class=\"panel-grid panel-has-style\" ><div class=\"history7 panel-row-style panel-row-style-for-8244-6\" ><div id=\"pgc-8244-6-0\"  class=\"panel-grid-cell panel-grid-cell-mobile-last\" ><div id=\"panel-8244-6-0-0\" class=\"so-panel widget widget_sow-editor panel-first-child panel-last-child\" data-index=\"12\" ><div\n\t\t\t\n\t\t\tclass=\"so-widget-sow-editor so-widget-sow-editor-base\"\n\t\t\t\n\t\t>\n<div class=\"siteorigin-widget-tinymce textwidget\">\n\t<h2>En dehors de nos fronti\u00e8res<\/h2>\n<h3>1997<\/h3>\n<p>En 1997, SOS devient une marque internationale.<\/p>\n<\/div>\n<\/div><\/div><\/div><div id=\"pgc-8244-6-1\"  class=\"panel-grid-cell panel-grid-cell-empty\" ><\/div><\/div><\/div><div id=\"pg-8244-7\"  class=\"panel-grid panel-has-style\" ><div class=\"history8 panel-row-style panel-row-style-for-8244-7\" ><div id=\"pgc-8244-7-0\"  class=\"panel-grid-cell panel-grid-cell-empty\" ><\/div><div id=\"pgc-8244-7-1\"  class=\"panel-grid-cell\" ><div id=\"panel-8244-7-1-0\" class=\"so-panel widget widget_sow-editor panel-first-child panel-last-child\" data-index=\"13\" ><div\n\t\t\t\n\t\t\tclass=\"so-widget-sow-editor so-widget-sow-editor-base\"\n\t\t\t\n\t\t>\n<div class=\"siteorigin-widget-tinymce textwidget\">\n\t<p><img loading=\"lazy\" decoding=\"async\" class=\"alignnone size-full wp-image-7447\" src=\"https:\/\/www.sosrice.com\/wp-content\/uploads\/2017\/05\/xhistory8.gif.pagespeed.ic_._Ha4iN-ZFm.png\" alt=\"Logotipo de Ebro Foods\" width=\"210\" height=\"83\" \/><\/p>\n<\/div>\n<\/div><\/div><\/div><div id=\"pgc-8244-7-2\"  class=\"panel-grid-cell\" ><div id=\"panel-8244-7-2-0\" class=\"so-panel widget widget_sow-editor panel-first-child panel-last-child\" data-index=\"14\" ><div\n\t\t\t\n\t\t\tclass=\"so-widget-sow-editor so-widget-sow-editor-base\"\n\t\t\t\n\t\t>\n<div class=\"siteorigin-widget-tinymce textwidget\">\n\t<h2>Ebro Foods Group<\/h2>\n<h3>2011<\/h3>\n<p>En 2011, la marque SOS est acheter pars le group Ebro Foods<\/p>\n<\/div>\n<\/div><\/div><\/div><\/div><\/div><\/div>","protected":false},"excerpt":{"rendered":"<p>Le r\u00eave d\u2019un homme 1903 C\u2019est en 1903 que Mr.Jos\u00e9 Borras entreprend de cr\u00e9er Hijos de J.SOS Borras, une compagnie de riz, \u00e0 Valence. Le premier sac de riz 1912 1912 Pendant cette p\u00e9riode, tous les produits \u00e9taient vendu en vrac ou emball\u00e9 dans des petits sacs en papier. Il arrive m\u00eame que les clients<\/p>\n<p class=\"post_read_more\"><a href=\"https:\/\/www.sosrice.com\/fr\/history\/\">Leer m\u00e1s<\/a><\/p>\n","protected":false},"author":4,"featured_media":0,"parent":0,"menu_order":0,"comment_status":"closed","ping_status":"closed","template":"history.php","meta":{"footnotes":""},"class_list":["post-8244","page","type-page","status-publish","hentry"],"_links":{"self":[{"href":"https:\/\/www.sosrice.com\/fr\/wp-json\/wp\/v2\/pages\/8244","targetHints":{"allow":["GET"]}}],"collection":[{"href":"https:\/\/www.sosrice.com\/fr\/wp-json\/wp\/v2\/pages"}],"about":[{"href":"https:\/\/www.sosrice.com\/fr\/wp-json\/wp\/v2\/types\/page"}],"author":[{"embeddable":true,"href":"https:\/\/www.sosrice.com\/fr\/wp-json\/wp\/v2\/users\/4"}],"replies":[{"embeddable":true,"href":"https:\/\/www.sosrice.com\/fr\/wp-json\/wp\/v2\/comments?post=8244"}],"version-history":[{"count":22,"href":"https:\/\/www.sosrice.com\/fr\/wp-json\/wp\/v2\/pages\/8244\/revisions"}],"predecessor-version":[{"id":9945,"href":"https:\/\/www.sosrice.com\/fr\/wp-json\/wp\/v2\/pages\/8244\/revisions\/9945"}],"wp:attachment":[{"href":"https:\/\/www.sosrice.com\/fr\/wp-json\/wp\/v2\/media?parent=8244"}],"curies":[{"name":"wp","href":"https:\/\/api.w.org\/{rel}","templated":true}]}}